{"id":585,"date":"2020-12-16T10:54:56","date_gmt":"2020-12-16T10:54:56","guid":{"rendered":"https:\/\/microlanaerospace.com\/?page_id=585"},"modified":"2021-03-17T12:32:29","modified_gmt":"2021-03-17T12:32:29","slug":"aeronautico","status":"publish","type":"page","link":"https:\/\/microlanaerospace.com\/en\/aeronautico\/","title":{"rendered":"Aeronautics"},"content":{"rendered":"<div class=\"vc_row wpb_row vc_row-fluid\"><div class=\"titulo_pagina_sector wpb_column vc_column_container vc_col-sm-4 vc_col-lg-offset-0 vc_col-lg-4\"><div class=\"vc_column-inner\"><div class=\"wpb_wrapper\"><div class=\"subtitulo\"><p>SECTORS<\/p><\/div><h1 class=\"tipo_blanca_borde\">Aeronautics<\/h1><\/div><\/div><\/div><div class=\"modulo_pagina_sectores wpb_column vc_column_container vc_col-sm-8 vc_col-lg-8\"><div class=\"vc_column-inner\"><div class=\"wpb_wrapper\"><figure class=\"icono\"><img decoding=\"async\" src=\"https:\/\/microlanaerospace.com\/wp-content\/uploads\/2020\/11\/simbolo_aeronautic.svg\" alt=\"\" \/><\/figure><figure class=\"\"><img decoding=\"async\" src=\"https:\/\/microlanaerospace.com\/wp-content\/uploads\/2020\/11\/iStock-497218308.jpg\" alt=\"\" \/><\/figure>\n\t<div class=\"wpb_raw_code wpb_content_element wpb_raw_html\" >\n\t\t<div class=\"wpb_wrapper\">\n\t\t\t<svg height=\"20vh\" width=\"20vh\">\n\t<g fill=\"none\" stroke=\"#b9b9b9\" stroke-width=\"1\">\n    <circle stroke-dasharray=\"10,10,1,10\" cx=\"10vh\" cy=\"10vh\" r=\"10vh\" \/>\n  <\/g>\n<\/svg>\n\t\t<\/div>\n\t<\/div>\n<\/div><\/div><\/div><\/div><div class=\"vc_row wpb_row vc_row-fluid\"><div class=\"wpb_column vc_column_container vc_col-sm-4 vc_col-lg-offset-4 vc_col-lg-4 vc_col-md-offset-4 vc_col-md-8\"><div class=\"vc_column-inner\"><div class=\"wpb_wrapper\">\n\t<div class=\"wpb_text_column wpb_content_element\" >\n\t\t<div class=\"wpb_wrapper\">\n\t\t\t<p class=\"p1\">Our quality system is our best ally in achieving our objectives. Control of traceability and our production processes enables us to machine the most demanding flight and tooling parts in the most complicated materials.<\/p>\n<p class=\"p1\">EN 9100 certification.<\/p>\n\n\t\t<\/div>\n\t<\/div>\n<\/div><\/div><\/div><\/div><div class=\"vc_row wpb_row vc_row-fluid\"><div class=\"wpb_column vc_column_container vc_col-sm-4\"><div class=\"vc_column-inner\"><div class=\"wpb_wrapper\">\n\t<div class=\"wpb_text_column wpb_content_element\" >\n\t\t<div class=\"wpb_wrapper\">\n\t\t\t<h3>Some of our products.<\/h3>\n\n\t\t<\/div>\n\t<\/div>\n<\/div><\/div><\/div><\/div><div class=\"vc_row wpb_row vc_row-fluid fotos_piezas\"><div class=\"wpb_column vc_column_container vc_col-sm-4\"><div class=\"vc_column-inner\"><div class=\"wpb_wrapper\"><a class=\"image-link\" href=\"https:\/\/microlanaerospace.com\/wp-content\/uploads\/2021\/02\/actuadores-aeronauticos.jpg\"><img decoding=\"async\" src=\"https:\/\/microlanaerospace.com\/wp-content\/uploads\/2021\/02\/actuadores-aeronauticos.jpg\" alt=\"popup image\" \/><\/a>\n\t<div class=\"wpb_text_column wpb_content_element  texto-productos\" >\n\t\t<div class=\"wpb_wrapper\">\n\t\t\t<p class=\"p1\">Nuestro<\/p>\n\n\t\t<\/div>\n\t<\/div>\n<\/div><\/div><\/div><div class=\"wpb_column vc_column_container vc_col-sm-4\"><div class=\"vc_column-inner\"><div class=\"wpb_wrapper\"><a class=\"image-link\" href=\"https:\/\/microlanaerospace.com\/wp-content\/uploads\/2021\/02\/Conjunto-Atten-2-azul.jpg\"><img decoding=\"async\" src=\"https:\/\/microlanaerospace.com\/wp-content\/uploads\/2021\/02\/Conjunto-Atten-2-azul.jpg\" alt=\"popup image\" \/><\/a>\n\t<div class=\"wpb_text_column wpb_content_element  texto-productos\" >\n\t\t<div class=\"wpb_wrapper\">\n\t\t\t<p class=\"p1\">Nuestro<\/p>\n\n\t\t<\/div>\n\t<\/div>\n<\/div><\/div><\/div><div class=\"wpb_column vc_column_container vc_col-sm-4\"><div class=\"vc_column-inner\"><div class=\"wpb_wrapper\"><a class=\"image-link\" href=\"https:\/\/microlanaerospace.com\/wp-content\/uploads\/2021\/03\/plantilla-retaladrado.jpg\"><img decoding=\"async\" src=\"https:\/\/microlanaerospace.com\/wp-content\/uploads\/2021\/03\/plantilla-retaladrado.jpg\" alt=\"popup image\" \/><\/a>\n\t<div class=\"wpb_text_column wpb_content_element  texto-productos\" >\n\t\t<div class=\"wpb_wrapper\">\n\t\t\t<p class=\"p1\">Nuestro<\/p>\n\n\t\t<\/div>\n\t<\/div>\n<\/div><\/div><\/div><\/div><div class=\"vc_row wpb_row vc_row-fluid fotos_piezas\"><div class=\"wpb_column vc_column_container vc_col-sm-4\"><div class=\"vc_column-inner\"><div class=\"wpb_wrapper\"><a class=\"image-link\" href=\"https:\/\/microlanaerospace.com\/wp-content\/uploads\/2021\/02\/pieza-estructural-1.jpg\"><img decoding=\"async\" src=\"https:\/\/microlanaerospace.com\/wp-content\/uploads\/2021\/02\/pieza-estructural-1.jpg\" alt=\"popup image\" \/><\/a>\n\t<div class=\"wpb_text_column wpb_content_element  texto-productos\" >\n\t\t<div class=\"wpb_wrapper\">\n\t\t\t<p class=\"p1\">Nuestro<\/p>\n\n\t\t<\/div>\n\t<\/div>\n<\/div><\/div><\/div><div class=\"wpb_column vc_column_container vc_col-sm-4\"><div class=\"vc_column-inner\"><div class=\"wpb_wrapper\"><a class=\"image-link\" href=\"https:\/\/microlanaerospace.com\/wp-content\/uploads\/2021\/02\/pieza-estructural-2.jpg\"><img decoding=\"async\" src=\"https:\/\/microlanaerospace.com\/wp-content\/uploads\/2021\/02\/pieza-estructural-2.jpg\" alt=\"popup image\" \/><\/a>\n\t<div class=\"wpb_text_column wpb_content_element  texto-productos\" >\n\t\t<div class=\"wpb_wrapper\">\n\t\t\t<p class=\"p1\">Nuestro<\/p>\n\n\t\t<\/div>\n\t<\/div>\n<\/div><\/div><\/div><div class=\"wpb_column vc_column_container vc_col-sm-4\"><div class=\"vc_column-inner\"><div class=\"wpb_wrapper\"><a class=\"image-link\" href=\"https:\/\/microlanaerospace.com\/wp-content\/uploads\/2021\/02\/pieza-estructural-3.jpg\"><img decoding=\"async\" src=\"https:\/\/microlanaerospace.com\/wp-content\/uploads\/2021\/02\/pieza-estructural-3.jpg\" alt=\"popup image\" \/><\/a>\n\t<div class=\"wpb_text_column wpb_content_element  texto-productos\" >\n\t\t<div class=\"wpb_wrapper\">\n\t\t\t<p class=\"p1\">Nuestro<\/p>\n\n\t\t<\/div>\n\t<\/div>\n<\/div><\/div><\/div><\/div><div class=\"vc_row wpb_row vc_row-fluid\"><div class=\"wpb_column vc_column_container vc_col-sm-3 vc_col-lg-offset-0 vc_col-lg-3\"><div class=\"vc_column-inner\"><div class=\"wpb_wrapper\">\n\t<div class=\"wpb_text_column wpb_content_element\" >\n\t\t<div class=\"wpb_wrapper\">\n\t\t\t<p>Our clients<\/p>\n\n\t\t<\/div>\n\t<\/div>\n<\/div><\/div><\/div><div class=\"wpb_column vc_column_container vc_col-sm-12\"><div class=\"vc_column-inner\"><div class=\"wpb_wrapper\"><div class=\"carousel clientes\"><div class=\"slide\"><svg height=\"100%\" width=\"100%\">\n\t<g fill=\"none\" stroke=\"#b3b3b3\" stroke-width=\"1\">\n    <circle stroke-dasharray=\"10,10,1,10\" cx=\"50%\" cy=\"50%\" r=\"50%\" \/>\n  <\/g>\n<\/svg><img decoding=\"async\" src=\"https:\/\/microlanaerospace.com\/wp-content\/uploads\/2020\/11\/Logos_clientes_Mesa-de-trabajo-1-08.png\" alt=\"\" \/><\/div><div class=\"slide\"><svg height=\"100%\" width=\"100%\">\n\t<g fill=\"none\" stroke=\"#b3b3b3\" stroke-width=\"1\">\n    <circle stroke-dasharray=\"10,10,1,10\" cx=\"50%\" cy=\"50%\" r=\"50%\" \/>\n  <\/g>\n<\/svg><img decoding=\"async\" src=\"https:\/\/microlanaerospace.com\/wp-content\/uploads\/2020\/11\/Logos_clientes_Mesa-de-trabajo-1-06.png\" alt=\"\" \/><\/div><div class=\"slide\"><svg height=\"100%\" width=\"100%\">\n\t<g fill=\"none\" stroke=\"#b3b3b3\" stroke-width=\"1\">\n    <circle stroke-dasharray=\"10,10,1,10\" cx=\"50%\" cy=\"50%\" r=\"50%\" \/>\n  <\/g>\n<\/svg><img decoding=\"async\" src=\"https:\/\/microlanaerospace.com\/wp-content\/uploads\/2020\/11\/Logos_clientes_Mesa-de-trabajo-1-14.png\" alt=\"\" \/><\/div><div class=\"slide\"><svg height=\"100%\" width=\"100%\">\n\t<g fill=\"none\" stroke=\"#b3b3b3\" stroke-width=\"1\">\n    <circle stroke-dasharray=\"10,10,1,10\" cx=\"50%\" cy=\"50%\" r=\"50%\" \/>\n  <\/g>\n<\/svg><img decoding=\"async\" src=\"https:\/\/microlanaerospace.com\/wp-content\/uploads\/2020\/11\/Logos_clientes_Mesa-de-trabajo-1-13.png\" alt=\"\" \/><\/div><div class=\"slide\"><svg height=\"100%\" width=\"100%\">\n\t<g fill=\"none\" stroke=\"#b3b3b3\" stroke-width=\"1\">\n    <circle stroke-dasharray=\"10,10,1,10\" cx=\"50%\" cy=\"50%\" r=\"50%\" \/>\n  <\/g>\n<\/svg><img decoding=\"async\" src=\"https:\/\/microlanaerospace.com\/wp-content\/uploads\/2020\/11\/Logos_clientes_Mesa-de-trabajo-1-11.png\" alt=\"\" \/><\/div><div class=\"slide\"><svg height=\"100%\" width=\"100%\">\n\t<g fill=\"none\" stroke=\"#b3b3b3\" stroke-width=\"1\">\n    <circle stroke-dasharray=\"10,10,1,10\" cx=\"50%\" cy=\"50%\" r=\"50%\" \/>\n  <\/g>\n<\/svg><img decoding=\"async\" src=\"https:\/\/microlanaerospace.com\/wp-content\/uploads\/2020\/11\/Logos_clientes_Mesa-de-trabajo-1-10.png\" alt=\"\" \/><\/div><div class=\"slide\"><svg height=\"100%\" width=\"100%\">\n\t<g fill=\"none\" stroke=\"#b3b3b3\" stroke-width=\"1\">\n    <circle stroke-dasharray=\"10,10,1,10\" cx=\"50%\" cy=\"50%\" r=\"50%\" \/>\n  <\/g>\n<\/svg><img decoding=\"async\" src=\"https:\/\/microlanaerospace.com\/wp-content\/uploads\/2020\/11\/Logos_clientes_Mesa-de-trabajo-1-09.png\" alt=\"\" \/><\/div><div class=\"slide\"><svg height=\"100%\" width=\"100%\">\n\t<g fill=\"none\" stroke=\"#b3b3b3\" stroke-width=\"1\">\n    <circle stroke-dasharray=\"10,10,1,10\" cx=\"50%\" cy=\"50%\" r=\"50%\" \/>\n  <\/g>\n<\/svg><img decoding=\"async\" src=\"https:\/\/microlanaerospace.com\/wp-content\/uploads\/2020\/11\/Logos_clientes_Mesa-de-trabajo-1-07.png\" alt=\"\" \/><\/div><div class=\"slide\"><svg height=\"100%\" width=\"100%\">\n\t<g fill=\"none\" stroke=\"#b3b3b3\" stroke-width=\"1\">\n    <circle stroke-dasharray=\"10,10,1,10\" cx=\"50%\" cy=\"50%\" r=\"50%\" \/>\n  <\/g>\n<\/svg><img decoding=\"async\" src=\"https:\/\/microlanaerospace.com\/wp-content\/uploads\/2020\/11\/Logos_clientes_Mesa-de-trabajo-1-05.png\" alt=\"\" \/><\/div><div class=\"slide\"><svg height=\"100%\" width=\"100%\">\n\t<g fill=\"none\" stroke=\"#b3b3b3\" stroke-width=\"1\">\n    <circle stroke-dasharray=\"10,10,1,10\" cx=\"50%\" cy=\"50%\" r=\"50%\" \/>\n  <\/g>\n<\/svg><img decoding=\"async\" src=\"https:\/\/microlanaerospace.com\/wp-content\/uploads\/2020\/11\/Logos_clientes_Mesa-de-trabajo-1-04.png\" alt=\"\" \/><\/div><div class=\"slide\"><svg height=\"100%\" width=\"100%\">\n\t<g fill=\"none\" stroke=\"#b3b3b3\" stroke-width=\"1\">\n    <circle stroke-dasharray=\"10,10,1,10\" cx=\"50%\" cy=\"50%\" r=\"50%\" \/>\n  <\/g>\n<\/svg><img decoding=\"async\" src=\"https:\/\/microlanaerospace.com\/wp-content\/uploads\/2020\/11\/Logos_clientes_Mesa-de-trabajo-1-03.png\" alt=\"\" \/><\/div><div class=\"slide\"><svg height=\"100%\" width=\"100%\">\n\t<g fill=\"none\" stroke=\"#b3b3b3\" stroke-width=\"1\">\n    <circle stroke-dasharray=\"10,10,1,10\" cx=\"50%\" cy=\"50%\" r=\"50%\" \/>\n  <\/g>\n<\/svg><img decoding=\"async\" src=\"https:\/\/microlanaerospace.com\/wp-content\/uploads\/2020\/11\/Logos_clientes_Mesa-de-trabajo-1-01.png\" alt=\"\" \/><\/div><\/div><\/div><\/div><\/div><\/div>","protected":false},"excerpt":{"rendered":"SECTORAeron\u00e1utico Nuestro sistema de calidad es nuestro mejor aliado para conseguir nuestros objetivos. El control de la trazabilidad y nuestros procesos productivos nos permiten mecanizar las piezas de vuelo y utillaje m\u00e1s exigentes en los materiales m\u00e1s complicados. Certificaci\u00f3n EN 9100. Algunos de nuestros productos Nuestro Nuestro Nuestro Nuestro Nuestro Nuestro NUESTROS CLIENTES","protected":false},"author":1,"featured_media":0,"parent":0,"menu_order":0,"comment_status":"closed","ping_status":"closed","template":"sector.php","meta":{"inline_featured_image":false,"footnotes":""},"class_list":["post-585","page","type-page","status-publish","hentry"],"yoast_head":"<!-- This site is optimized with the Yoast SEO plugin v26.9 - https:\/\/yoast.com\/product\/yoast-seo-wordpress\/ -->\n<title>Aeron\u00e1utico - Microlan Aerospace<\/title>\n<meta name=\"robots\" content=\"index, follow, max-snippet:-1, max-image-preview:large, max-video-preview:-1\" \/>\n<link rel=\"canonical\" href=\"https:\/\/microlanaerospace.com\/en\/aeronautico\/\" \/>\n<meta property=\"og:locale\" content=\"en_GB\" \/>\n<meta property=\"og:type\" content=\"article\" \/>\n<meta property=\"og:title\" content=\"Aeron\u00e1utico - Microlan Aerospace\" \/>\n<meta property=\"og:url\" content=\"https:\/\/microlanaerospace.com\/en\/aeronautico\/\" \/>\n<meta property=\"og:site_name\" content=\"Microlan Aerospace\" \/>\n<meta property=\"article:modified_time\" content=\"2021-03-17T12:32:29+00:00\" \/>\n<meta name=\"twitter:card\" content=\"summary_large_image\" \/>\n<meta name=\"twitter:label1\" content=\"Estimated reading time\" \/>\n\t<meta name=\"twitter:data1\" content=\"1 minute\" \/>\n<script type=\"application\/ld+json\" class=\"yoast-schema-graph\">{\"@context\":\"https:\/\/schema.org\",\"@graph\":[{\"@type\":\"WebPage\",\"@id\":\"https:\/\/microlanaerospace.com\/aeronautico\/\",\"url\":\"https:\/\/microlanaerospace.com\/aeronautico\/\",\"name\":\"Aeron\u00e1utico - Microlan Aerospace\",\"isPartOf\":{\"@id\":\"https:\/\/microlanaerospace.com\/#website\"},\"datePublished\":\"2020-12-16T10:54:56+00:00\",\"dateModified\":\"2021-03-17T12:32:29+00:00\",\"breadcrumb\":{\"@id\":\"https:\/\/microlanaerospace.com\/aeronautico\/#breadcrumb\"},\"inLanguage\":\"en-GB\",\"potentialAction\":[{\"@type\":\"ReadAction\",\"target\":[\"https:\/\/microlanaerospace.com\/aeronautico\/\"]}]},{\"@type\":\"BreadcrumbList\",\"@id\":\"https:\/\/microlanaerospace.com\/aeronautico\/#breadcrumb\",\"itemListElement\":[{\"@type\":\"ListItem\",\"position\":1,\"name\":\"Portada\",\"item\":\"https:\/\/microlanaerospace.com\/\"},{\"@type\":\"ListItem\",\"position\":2,\"name\":\"Aeron\u00e1utico\"}]},{\"@type\":\"WebSite\",\"@id\":\"https:\/\/microlanaerospace.com\/#website\",\"url\":\"https:\/\/microlanaerospace.com\/\",\"name\":\"Microlan Aerospace\",\"description\":\"Passion for precission\",\"potentialAction\":[{\"@type\":\"SearchAction\",\"target\":{\"@type\":\"EntryPoint\",\"urlTemplate\":\"https:\/\/microlanaerospace.com\/?s={search_term_string}\"},\"query-input\":{\"@type\":\"PropertyValueSpecification\",\"valueRequired\":true,\"valueName\":\"search_term_string\"}}],\"inLanguage\":\"en-GB\"}]}<\/script>\n<!-- \/ Yoast SEO plugin. -->","yoast_head_json":{"title":"Aeron\u00e1utico - Microlan Aerospace","robots":{"index":"index","follow":"follow","max-snippet":"max-snippet:-1","max-image-preview":"max-image-preview:large","max-video-preview":"max-video-preview:-1"},"canonical":"https:\/\/microlanaerospace.com\/en\/aeronautico\/","og_locale":"en_GB","og_type":"article","og_title":"Aeron\u00e1utico - Microlan Aerospace","og_url":"https:\/\/microlanaerospace.com\/en\/aeronautico\/","og_site_name":"Microlan Aerospace","article_modified_time":"2021-03-17T12:32:29+00:00","twitter_card":"summary_large_image","twitter_misc":{"Estimated reading time":"1 minute"},"schema":{"@context":"https:\/\/schema.org","@graph":[{"@type":"WebPage","@id":"https:\/\/microlanaerospace.com\/aeronautico\/","url":"https:\/\/microlanaerospace.com\/aeronautico\/","name":"Aeron\u00e1utico - Microlan Aerospace","isPartOf":{"@id":"https:\/\/microlanaerospace.com\/#website"},"datePublished":"2020-12-16T10:54:56+00:00","dateModified":"2021-03-17T12:32:29+00:00","breadcrumb":{"@id":"https:\/\/microlanaerospace.com\/aeronautico\/#breadcrumb"},"inLanguage":"en-GB","potentialAction":[{"@type":"ReadAction","target":["https:\/\/microlanaerospace.com\/aeronautico\/"]}]},{"@type":"BreadcrumbList","@id":"https:\/\/microlanaerospace.com\/aeronautico\/#breadcrumb","itemListElement":[{"@type":"ListItem","position":1,"name":"Portada","item":"https:\/\/microlanaerospace.com\/"},{"@type":"ListItem","position":2,"name":"Aeron\u00e1utico"}]},{"@type":"WebSite","@id":"https:\/\/microlanaerospace.com\/#website","url":"https:\/\/microlanaerospace.com\/","name":"Microlan Aerospace","description":"Passion for precission","potentialAction":[{"@type":"SearchAction","target":{"@type":"EntryPoint","urlTemplate":"https:\/\/microlanaerospace.com\/?s={search_term_string}"},"query-input":{"@type":"PropertyValueSpecification","valueRequired":true,"valueName":"search_term_string"}}],"inLanguage":"en-GB"}]}},"_links":{"self":[{"href":"https:\/\/microlanaerospace.com\/en\/wp-json\/wp\/v2\/pages\/585","targetHints":{"allow":["GET"]}}],"collection":[{"href":"https:\/\/microlanaerospace.com\/en\/wp-json\/wp\/v2\/pages"}],"about":[{"href":"https:\/\/microlanaerospace.com\/en\/wp-json\/wp\/v2\/types\/page"}],"author":[{"embeddable":true,"href":"https:\/\/microlanaerospace.com\/en\/wp-json\/wp\/v2\/users\/1"}],"replies":[{"embeddable":true,"href":"https:\/\/microlanaerospace.com\/en\/wp-json\/wp\/v2\/comments?post=585"}],"version-history":[{"count":9,"href":"https:\/\/microlanaerospace.com\/en\/wp-json\/wp\/v2\/pages\/585\/revisions"}],"predecessor-version":[{"id":884,"href":"https:\/\/microlanaerospace.com\/en\/wp-json\/wp\/v2\/pages\/585\/revisions\/884"}],"wp:attachment":[{"href":"https:\/\/microlanaerospace.com\/en\/wp-json\/wp\/v2\/media?parent=585"}],"curies":[{"name":"wp","href":"https:\/\/api.w.org\/{rel}","templated":true}]}}