{"id":62,"date":"2020-11-23T11:12:24","date_gmt":"2020-11-23T11:12:24","guid":{"rendered":"https:\/\/microlanaerospace.com\/?page_id=62"},"modified":"2021-01-14T12:28:53","modified_gmt":"2021-01-14T12:28:53","slug":"i-d-i","status":"publish","type":"page","link":"https:\/\/microlanaerospace.com\/eus\/i-d-i\/","title":{"rendered":"I +D + i"},"content":{"rendered":"<div class=\"vc_row wpb_row vc_row-fluid titulo_id\"><div class=\"wpb_column vc_column_container vc_col-sm-8 vc_col-lg-8 vc_col-md-12\"><div class=\"vc_column-inner\"><div class=\"wpb_wrapper\"><div class=\"subtitulo\"><p>I + D + i<\/p><\/div><h1>Ikerketa, garapena eta berrikuntza<\/h1>\n\t<div class=\"wpb_raw_code wpb_content_element wpb_raw_html\" >\n\t\t<div class=\"wpb_wrapper\">\n\t\t\t<svg height=\"20vw\" width=\"30vw\">\n  <line stroke-dasharray=\"10,10,1,10\" x1=\"0vw\" y1=\"0\" x2=\"0vw\" y2=\"20vw\" style=\"stroke:#b9b9b9;stroke-width:2\"><\/line>\n<line stroke-dasharray=\"10,10,1,10\" x1=\"0vw\" y1=\"20vw\" x2=\"30vw\" y2=\"20vw\" style=\"stroke:#b9b9b9;stroke-width:2\"><\/line>\n<\/svg>\n\t\t<\/div>\n\t<\/div>\n<\/div><\/div><\/div><\/div><div class=\"vc_row wpb_row vc_row-fluid primer_modulo_id\"><div class=\"wpb_column vc_column_container vc_col-sm-5 vc_col-lg-offset-1 vc_col-lg-5 vc_col-md-offset-1 vc_col-md-5\"><div class=\"vc_column-inner\"><div class=\"wpb_wrapper\"><a class=\"image-link\" href=\"https:\/\/microlanaerospace.com\/wp-content\/uploads\/2020\/11\/iStock-1132986308.jpg\"><img decoding=\"async\" src=\"https:\/\/microlanaerospace.com\/wp-content\/uploads\/2020\/11\/iStock-1132986308.jpg\" alt=\"popup image\" \/><\/a><\/div><\/div><\/div><div class=\"wpb_column vc_column_container vc_col-sm-5 vc_col-lg-offset-1 vc_col-lg-5 vc_col-md-6\"><div class=\"vc_column-inner\"><div class=\"wpb_wrapper\">\n\t<div class=\"wpb_text_column wpb_content_element\" >\n\t\t<div class=\"wpb_wrapper\">\n\t\t\t<h3>\u201cIkasteko gogoa\u201d, \u201cKonpromisoa aurrerapenarekin\u201d<\/h3>\n\n\t\t<\/div>\n\t<\/div>\n\n\t<div class=\"wpb_text_column wpb_content_element\" >\n\t\t<div class=\"wpb_wrapper\">\n\t\t\t<p class=\"p1\">Ikerketarekin eta garapenarekin dugun konpromisoa irmoa da, esperientzia eskuratzen eta ingeniaritza-enpresei, teknologia-zentroei, unibertsitateei eta beste enpresa batzuei gure ekarpenak egiten jarraitzeko asmoz egiten dugu lan. Elkarrekin gure gaitasunak eta ezagutzak areagotzen ditugu, gure etorkizuna zehaztuko duten ikerketa-proiektuak gauzatzea ahalbidetuz.<\/p>\n\n\t\t<\/div>\n\t<\/div>\n\n\t<div class=\"wpb_text_column wpb_content_element\" >\n\t\t<div class=\"wpb_wrapper\">\n\t\t\t<h3>Proiektu horien bidez, hauek lortu nahi izan ditugu:<\/h3>\n\n\t\t<\/div>\n\t<\/div>\n\n\t<div class=\"wpb_text_column wpb_content_element\" >\n\t\t<div class=\"wpb_wrapper\">\n\t\t\t<ul class=\"ul1\">\n<li class=\"li1\">Dimentsio txikiko piezak mekanizatzea, oso dimentsio eskakizun zorrotzekin.<\/li>\n<li class=\"li1\">Osagaien portaerari buruzko ezagutzak eskuratzea, programazioari, estrategiei, ebaketa- eta metrologia-baldintzei dagokienez, eskatutako betekizunak lortzeko.<\/li>\n<li class=\"li1\">Material \u201cexotikoen\u201d portaerari eta horiek mekanizatzeko prozesu, estrategia eta baldintza egokiei buruzko ezagutzak eskuratzea.<\/li>\n<\/ul>\n\n\t\t<\/div>\n\t<\/div>\n<\/div><\/div><\/div><\/div><div data-vc-full-width=\"true\" data-vc-full-width-init=\"false\" data-vc-stretch-content=\"true\" class=\"vc_row wpb_row vc_row-fluid vc_row-no-padding\"><div class=\"wpb_column vc_column_container vc_col-sm-12\"><div class=\"vc_column-inner\"><div class=\"wpb_wrapper\"><div class=\"carousel carousel_imagen\"><div class=\"slide\"><svg height=\"100%\" width=\"100%\">\n\t<g fill=\"none\" stroke=\"#b3b3b3\" stroke-width=\"1\">\n    <circle stroke-dasharray=\"10,10,1,10\" cx=\"50%\" cy=\"50%\" r=\"50%\" \/>\n  <\/g>\n<\/svg><img decoding=\"async\" src=\"https:\/\/microlanaerospace.com\/wp-content\/uploads\/2020\/12\/IMG_2713.3_Editada__Editada_011220_1337h_.jpg\" alt=\"\" \/><\/div><div class=\"slide\"><svg height=\"100%\" width=\"100%\">\n\t<g fill=\"none\" stroke=\"#b3b3b3\" stroke-width=\"1\">\n    <circle stroke-dasharray=\"10,10,1,10\" cx=\"50%\" cy=\"50%\" r=\"50%\" \/>\n  <\/g>\n<\/svg><img decoding=\"async\" src=\"https:\/\/microlanaerospace.com\/wp-content\/uploads\/2020\/12\/IMG_2984_Editada-conjunto__Editada_011220_1337h_.jpg\" alt=\"\" \/><\/div><div class=\"slide\"><svg height=\"100%\" width=\"100%\">\n\t<g fill=\"none\" stroke=\"#b3b3b3\" stroke-width=\"1\">\n    <circle stroke-dasharray=\"10,10,1,10\" cx=\"50%\" cy=\"50%\" r=\"50%\" \/>\n  <\/g>\n<\/svg><img decoding=\"async\" src=\"https:\/\/microlanaerospace.com\/wp-content\/uploads\/2020\/12\/MG_7839.jpg\" alt=\"\" \/><\/div><\/div><\/div><\/div><\/div><\/div><div class=\"vc_row-full-width vc_clearfix\"><\/div><div class=\"vc_row wpb_row vc_row-fluid titulo_proyectos\"><div class=\"dentro wpb_column vc_column_container vc_col-sm-12 vc_col-lg-offset-0 vc_col-lg-12 vc_col-md-offset-0 vc_col-md-12\"><div class=\"vc_column-inner\"><div class=\"wpb_wrapper\"><div class=\"subtitulo\"><p>Erronka horiekin, hauetan hartu dugu parte:<\/p><\/div><h1>Proiektuak<\/h1><\/div><\/div><\/div><div class=\"wpb_column vc_column_container vc_col-sm-12 vc_col-lg-12\"><div class=\"vc_column-inner\"><div class=\"wpb_wrapper\">\n\t<div class=\"wpb_raw_code wpb_content_element wpb_raw_html\" >\n\t\t<div class=\"wpb_wrapper\">\n\t\t\t<svg height=\"1vw\" width=\"130vw\">\n<line stroke-dasharray=\"10,10,1,10\" x1=\"0vw\" y1=\"0.5vw\" x2=\"130vw\" y2=\"0.5vw\" style=\"stroke:#b9b9b9;stroke-width:1\"><\/line>\n<\/svg>\n\t\t<\/div>\n\t<\/div>\n<\/div><\/div><\/div><\/div>","protected":false},"excerpt":{"rendered":"I + D + iInvestigacion, Desarrollo e innovaci\u00f3n \u201cAf\u00e1n de aprendizaje\u201d \u201cCompromiso con el progreso\u201d Nuestro compromiso con la investigaci\u00f3n y el desarrollo es firme, lo hacemos con el af\u00e1n de seguir adquiriendo y aportando nuestra experiencia a ingenier\u00edas, centros tecnol\u00f3gicos, universidades y otras empresas. Juntos incrementamos nuestras capacidades y conocimientos haciendo posible la realizaci\u00f3n [...]","protected":false},"author":1,"featured_media":0,"parent":0,"menu_order":0,"comment_status":"closed","ping_status":"closed","template":"Investigacion.php","meta":{"inline_featured_image":false,"footnotes":""},"class_list":["post-62","page","type-page","status-publish","hentry"],"yoast_head":"<!-- This site is optimized with the Yoast SEO plugin v26.9 - https:\/\/yoast.com\/product\/yoast-seo-wordpress\/ -->\n<title>I +D + i - Microlan Aerospace<\/title>\n<meta name=\"robots\" content=\"index, follow, max-snippet:-1, max-image-preview:large, max-video-preview:-1\" \/>\n<link rel=\"canonical\" href=\"https:\/\/microlanaerospace.com\/eus\/i-d-i\/\" \/>\n<meta property=\"og:locale\" content=\"en_US\" \/>\n<meta property=\"og:type\" content=\"article\" \/>\n<meta property=\"og:title\" content=\"I +D + i - Microlan Aerospace\" \/>\n<meta property=\"og:url\" content=\"https:\/\/microlanaerospace.com\/eus\/i-d-i\/\" \/>\n<meta property=\"og:site_name\" content=\"Microlan Aerospace\" \/>\n<meta property=\"article:modified_time\" content=\"2021-01-14T12:28:53+00:00\" \/>\n<meta name=\"twitter:card\" content=\"summary_large_image\" \/>\n<meta name=\"twitter:label1\" content=\"Est. reading time\" \/>\n\t<meta name=\"twitter:data1\" content=\"2 minutua\" \/>\n<script type=\"application\/ld+json\" class=\"yoast-schema-graph\">{\"@context\":\"https:\/\/schema.org\",\"@graph\":[{\"@type\":\"WebPage\",\"@id\":\"https:\/\/microlanaerospace.com\/i-d-i\/\",\"url\":\"https:\/\/microlanaerospace.com\/i-d-i\/\",\"name\":\"I +D + i - Microlan Aerospace\",\"isPartOf\":{\"@id\":\"https:\/\/microlanaerospace.com\/#website\"},\"datePublished\":\"2020-11-23T11:12:24+00:00\",\"dateModified\":\"2021-01-14T12:28:53+00:00\",\"breadcrumb\":{\"@id\":\"https:\/\/microlanaerospace.com\/i-d-i\/#breadcrumb\"},\"inLanguage\":\"eu\",\"potentialAction\":[{\"@type\":\"ReadAction\",\"target\":[\"https:\/\/microlanaerospace.com\/i-d-i\/\"]}]},{\"@type\":\"BreadcrumbList\",\"@id\":\"https:\/\/microlanaerospace.com\/i-d-i\/#breadcrumb\",\"itemListElement\":[{\"@type\":\"ListItem\",\"position\":1,\"name\":\"Portada\",\"item\":\"https:\/\/microlanaerospace.com\/\"},{\"@type\":\"ListItem\",\"position\":2,\"name\":\"I +D + i\"}]},{\"@type\":\"WebSite\",\"@id\":\"https:\/\/microlanaerospace.com\/#website\",\"url\":\"https:\/\/microlanaerospace.com\/\",\"name\":\"Microlan Aerospace\",\"description\":\"Passion for precission\",\"potentialAction\":[{\"@type\":\"SearchAction\",\"target\":{\"@type\":\"EntryPoint\",\"urlTemplate\":\"https:\/\/microlanaerospace.com\/?s={search_term_string}\"},\"query-input\":{\"@type\":\"PropertyValueSpecification\",\"valueRequired\":true,\"valueName\":\"search_term_string\"}}],\"inLanguage\":\"eu\"}]}<\/script>\n<!-- \/ Yoast SEO plugin. -->","yoast_head_json":{"title":"I +D + i - Microlan Aerospace","robots":{"index":"index","follow":"follow","max-snippet":"max-snippet:-1","max-image-preview":"max-image-preview:large","max-video-preview":"max-video-preview:-1"},"canonical":"https:\/\/microlanaerospace.com\/eus\/i-d-i\/","og_locale":"en_US","og_type":"article","og_title":"I +D + i - Microlan Aerospace","og_url":"https:\/\/microlanaerospace.com\/eus\/i-d-i\/","og_site_name":"Microlan Aerospace","article_modified_time":"2021-01-14T12:28:53+00:00","twitter_card":"summary_large_image","twitter_misc":{"Est. reading time":"2 minutua"},"schema":{"@context":"https:\/\/schema.org","@graph":[{"@type":"WebPage","@id":"https:\/\/microlanaerospace.com\/i-d-i\/","url":"https:\/\/microlanaerospace.com\/i-d-i\/","name":"I +D + i - Microlan Aerospace","isPartOf":{"@id":"https:\/\/microlanaerospace.com\/#website"},"datePublished":"2020-11-23T11:12:24+00:00","dateModified":"2021-01-14T12:28:53+00:00","breadcrumb":{"@id":"https:\/\/microlanaerospace.com\/i-d-i\/#breadcrumb"},"inLanguage":"eu","potentialAction":[{"@type":"ReadAction","target":["https:\/\/microlanaerospace.com\/i-d-i\/"]}]},{"@type":"BreadcrumbList","@id":"https:\/\/microlanaerospace.com\/i-d-i\/#breadcrumb","itemListElement":[{"@type":"ListItem","position":1,"name":"Portada","item":"https:\/\/microlanaerospace.com\/"},{"@type":"ListItem","position":2,"name":"I +D + i"}]},{"@type":"WebSite","@id":"https:\/\/microlanaerospace.com\/#website","url":"https:\/\/microlanaerospace.com\/","name":"Microlan Aerospace","description":"Passion for precission","potentialAction":[{"@type":"SearchAction","target":{"@type":"EntryPoint","urlTemplate":"https:\/\/microlanaerospace.com\/?s={search_term_string}"},"query-input":{"@type":"PropertyValueSpecification","valueRequired":true,"valueName":"search_term_string"}}],"inLanguage":"eu"}]}},"_links":{"self":[{"href":"https:\/\/microlanaerospace.com\/eus\/wp-json\/wp\/v2\/pages\/62","targetHints":{"allow":["GET"]}}],"collection":[{"href":"https:\/\/microlanaerospace.com\/eus\/wp-json\/wp\/v2\/pages"}],"about":[{"href":"https:\/\/microlanaerospace.com\/eus\/wp-json\/wp\/v2\/types\/page"}],"author":[{"embeddable":true,"href":"https:\/\/microlanaerospace.com\/eus\/wp-json\/wp\/v2\/users\/1"}],"replies":[{"embeddable":true,"href":"https:\/\/microlanaerospace.com\/eus\/wp-json\/wp\/v2\/comments?post=62"}],"version-history":[{"count":53,"href":"https:\/\/microlanaerospace.com\/eus\/wp-json\/wp\/v2\/pages\/62\/revisions"}],"predecessor-version":[{"id":686,"href":"https:\/\/microlanaerospace.com\/eus\/wp-json\/wp\/v2\/pages\/62\/revisions\/686"}],"wp:attachment":[{"href":"https:\/\/microlanaerospace.com\/eus\/wp-json\/wp\/v2\/media?parent=62"}],"curies":[{"name":"wp","href":"https:\/\/api.w.org\/{rel}","templated":true}]}}