{"id":80,"date":"2020-11-23T11:46:35","date_gmt":"2020-11-23T11:46:35","guid":{"rendered":"https:\/\/microlanaerospace.com\/?page_id=80"},"modified":"2021-03-17T12:30:54","modified_gmt":"2021-03-17T12:30:54","slug":"aeroespacial","status":"publish","type":"page","link":"https:\/\/microlanaerospace.com\/fr\/aeroespacial\/","title":{"rendered":"A\u00e9rospatiale"},"content":{"rendered":"<div class=\"vc_row wpb_row vc_row-fluid\"><div class=\"titulo_pagina_sector wpb_column vc_column_container vc_col-sm-4 vc_col-lg-offset-0 vc_col-lg-4\"><div class=\"vc_column-inner\"><div class=\"wpb_wrapper\"><div class=\"subtitulo\"><p>SECTEURS<\/p><\/div><h1 class=\"tipo_blanca_borde\">A\u00e9rospatiale<\/h1><\/div><\/div><\/div><div class=\"modulo_pagina_sectores wpb_column vc_column_container vc_col-sm-8 vc_col-lg-8\"><div class=\"vc_column-inner\"><div class=\"wpb_wrapper\"><figure class=\"icono\"><img decoding=\"async\" src=\"https:\/\/microlanaerospace.com\/wp-content\/uploads\/2020\/11\/simbolo_aerospace.svg\" alt=\"\" \/><\/figure><figure class=\"\"><img decoding=\"async\" src=\"https:\/\/microlanaerospace.com\/wp-content\/uploads\/2020\/11\/iStock-109719495-1.jpg\" alt=\"\" \/><\/figure>\n\t<div class=\"wpb_raw_code wpb_content_element wpb_raw_html\" >\n\t\t<div class=\"wpb_wrapper\">\n\t\t\t<svg height=\"20vh\" width=\"20vh\">\n\t<g fill=\"none\" stroke=\"#b9b9b9\" stroke-width=\"1\">\n    <circle stroke-dasharray=\"10,10,1,10\" cx=\"10vh\" cy=\"10vh\" r=\"10vh\" \/>\n  <\/g>\n<\/svg>\n\t\t<\/div>\n\t<\/div>\n<\/div><\/div><\/div><\/div><div class=\"vc_row wpb_row vc_row-fluid\"><div class=\"wpb_column vc_column_container vc_col-sm-4 vc_col-lg-offset-4 vc_col-lg-4 vc_col-md-offset-4 vc_col-md-8\"><div class=\"vc_column-inner\"><div class=\"wpb_wrapper\">\n\t<div class=\"wpb_text_column wpb_content_element\" >\n\t\t<div class=\"wpb_wrapper\">\n\t\t\t<p class=\"p1\">Notre syst\u00e8me de qualit\u00e9 est notre meilleur alli\u00e9 \u00e0 l\u2019heure de parvenir \u00e0 nos objectifs. Le contr\u00f4le de la tra\u00e7abilit\u00e9 et nos processus de production nous permettent d\u2019usiner les pi\u00e8ces de vol et l\u2019outillage les plus exigeantes avec les mat\u00e9riaux les plus compliqu\u00e9s.<\/p>\n<p class=\"p1\">Certification EN 9100.<\/p>\n\n\t\t<\/div>\n\t<\/div>\n<\/div><\/div><\/div><\/div><div class=\"vc_row wpb_row vc_row-fluid\"><div class=\"wpb_column vc_column_container vc_col-sm-4\"><div class=\"vc_column-inner\"><div class=\"wpb_wrapper\">\n\t<div class=\"wpb_text_column wpb_content_element\" >\n\t\t<div class=\"wpb_wrapper\">\n\t\t\t<h3>Algunos de nuestros productos<\/h3>\n\n\t\t<\/div>\n\t<\/div>\n<\/div><\/div><\/div><\/div><div class=\"vc_row wpb_row vc_row-fluid fotos_piezas\"><div class=\"wpb_column vc_column_container vc_col-sm-4\"><div class=\"vc_column-inner\"><div class=\"wpb_wrapper\"><a class=\"image-link\" href=\"https:\/\/microlanaerospace.com\/wp-content\/uploads\/2021\/02\/bocina.jpg\"><img decoding=\"async\" src=\"https:\/\/microlanaerospace.com\/wp-content\/uploads\/2021\/02\/bocina.jpg\" alt=\"popup image\" \/><\/a>\n\t<div class=\"wpb_text_column wpb_content_element  texto-productos\" >\n\t\t<div class=\"wpb_wrapper\">\n\t\t\t<p class=\"p1\">Texto<\/p>\n\n\t\t<\/div>\n\t<\/div>\n<\/div><\/div><\/div><div class=\"wpb_column vc_column_container vc_col-sm-4\"><div class=\"vc_column-inner\"><div class=\"wpb_wrapper\"><a class=\"image-link\" href=\"https:\/\/microlanaerospace.com\/wp-content\/uploads\/2021\/02\/filtro-telecomunicaciones-1.jpg\"><img decoding=\"async\" src=\"https:\/\/microlanaerospace.com\/wp-content\/uploads\/2021\/02\/filtro-telecomunicaciones-1.jpg\" alt=\"popup image\" \/><\/a>\n\t<div class=\"wpb_text_column wpb_content_element  texto-productos\" >\n\t\t<div class=\"wpb_wrapper\">\n\t\t\t<p class=\"p1\">Texto<\/p>\n\n\t\t<\/div>\n\t<\/div>\n<\/div><\/div><\/div><div class=\"wpb_column vc_column_container vc_col-sm-4\"><div class=\"vc_column-inner\"><div class=\"wpb_wrapper\"><a class=\"image-link\" href=\"https:\/\/microlanaerospace.com\/wp-content\/uploads\/2021\/03\/filtro-telecomunicaciones-22.jpg\"><img decoding=\"async\" src=\"https:\/\/microlanaerospace.com\/wp-content\/uploads\/2021\/03\/filtro-telecomunicaciones-22.jpg\" alt=\"popup image\" \/><\/a>\n\t<div class=\"wpb_text_column wpb_content_element  texto-productos\" >\n\t\t<div class=\"wpb_wrapper\">\n\t\t\t<p class=\"p1\">Texto<\/p>\n\n\t\t<\/div>\n\t<\/div>\n<\/div><\/div><\/div><\/div><div class=\"vc_row wpb_row vc_row-fluid\"><div class=\"wpb_column vc_column_container vc_col-sm-3 vc_col-lg-offset-0 vc_col-lg-3\"><div class=\"vc_column-inner\"><div class=\"wpb_wrapper\">\n\t<div class=\"wpb_text_column wpb_content_element\" >\n\t\t<div class=\"wpb_wrapper\">\n\t\t\t<p>Nos clients<\/p>\n\n\t\t<\/div>\n\t<\/div>\n<\/div><\/div><\/div><div class=\"wpb_column vc_column_container vc_col-sm-12\"><div class=\"vc_column-inner\"><div class=\"wpb_wrapper\"><div class=\"carousel clientes\"><div class=\"slide\"><svg height=\"100%\" width=\"100%\">\n\t<g fill=\"none\" stroke=\"#b3b3b3\" stroke-width=\"1\">\n    <circle stroke-dasharray=\"10,10,1,10\" cx=\"50%\" cy=\"50%\" r=\"50%\" \/>\n  <\/g>\n<\/svg><img decoding=\"async\" src=\"https:\/\/microlanaerospace.com\/wp-content\/uploads\/2020\/11\/Logos_clientes_Mesa-de-trabajo-1-08.png\" alt=\"\" \/><\/div><div class=\"slide\"><svg height=\"100%\" width=\"100%\">\n\t<g fill=\"none\" stroke=\"#b3b3b3\" stroke-width=\"1\">\n    <circle stroke-dasharray=\"10,10,1,10\" cx=\"50%\" cy=\"50%\" r=\"50%\" \/>\n  <\/g>\n<\/svg><img decoding=\"async\" src=\"https:\/\/microlanaerospace.com\/wp-content\/uploads\/2020\/11\/Logos_clientes_Mesa-de-trabajo-1-06.png\" alt=\"\" \/><\/div><div class=\"slide\"><svg height=\"100%\" width=\"100%\">\n\t<g fill=\"none\" stroke=\"#b3b3b3\" stroke-width=\"1\">\n    <circle stroke-dasharray=\"10,10,1,10\" cx=\"50%\" cy=\"50%\" r=\"50%\" \/>\n  <\/g>\n<\/svg><img decoding=\"async\" src=\"https:\/\/microlanaerospace.com\/wp-content\/uploads\/2020\/11\/Logos_clientes_Mesa-de-trabajo-1-14.png\" alt=\"\" \/><\/div><div class=\"slide\"><svg height=\"100%\" width=\"100%\">\n\t<g fill=\"none\" stroke=\"#b3b3b3\" stroke-width=\"1\">\n    <circle stroke-dasharray=\"10,10,1,10\" cx=\"50%\" cy=\"50%\" r=\"50%\" \/>\n  <\/g>\n<\/svg><img decoding=\"async\" src=\"https:\/\/microlanaerospace.com\/wp-content\/uploads\/2020\/11\/Logos_clientes_Mesa-de-trabajo-1-13.png\" alt=\"\" \/><\/div><div class=\"slide\"><svg height=\"100%\" width=\"100%\">\n\t<g fill=\"none\" stroke=\"#b3b3b3\" stroke-width=\"1\">\n    <circle stroke-dasharray=\"10,10,1,10\" cx=\"50%\" cy=\"50%\" r=\"50%\" \/>\n  <\/g>\n<\/svg><img decoding=\"async\" src=\"https:\/\/microlanaerospace.com\/wp-content\/uploads\/2020\/11\/Logos_clientes_Mesa-de-trabajo-1-11.png\" alt=\"\" \/><\/div><div class=\"slide\"><svg height=\"100%\" width=\"100%\">\n\t<g fill=\"none\" stroke=\"#b3b3b3\" stroke-width=\"1\">\n    <circle stroke-dasharray=\"10,10,1,10\" cx=\"50%\" cy=\"50%\" r=\"50%\" \/>\n  <\/g>\n<\/svg><img decoding=\"async\" src=\"https:\/\/microlanaerospace.com\/wp-content\/uploads\/2020\/11\/Logos_clientes_Mesa-de-trabajo-1-10.png\" alt=\"\" \/><\/div><div class=\"slide\"><svg height=\"100%\" width=\"100%\">\n\t<g fill=\"none\" stroke=\"#b3b3b3\" stroke-width=\"1\">\n    <circle stroke-dasharray=\"10,10,1,10\" cx=\"50%\" cy=\"50%\" r=\"50%\" \/>\n  <\/g>\n<\/svg><img decoding=\"async\" src=\"https:\/\/microlanaerospace.com\/wp-content\/uploads\/2020\/11\/Logos_clientes_Mesa-de-trabajo-1-09.png\" alt=\"\" \/><\/div><div class=\"slide\"><svg height=\"100%\" width=\"100%\">\n\t<g fill=\"none\" stroke=\"#b3b3b3\" stroke-width=\"1\">\n    <circle stroke-dasharray=\"10,10,1,10\" cx=\"50%\" cy=\"50%\" r=\"50%\" \/>\n  <\/g>\n<\/svg><img decoding=\"async\" src=\"https:\/\/microlanaerospace.com\/wp-content\/uploads\/2020\/11\/Logos_clientes_Mesa-de-trabajo-1-07.png\" alt=\"\" \/><\/div><div class=\"slide\"><svg height=\"100%\" width=\"100%\">\n\t<g fill=\"none\" stroke=\"#b3b3b3\" stroke-width=\"1\">\n    <circle stroke-dasharray=\"10,10,1,10\" cx=\"50%\" cy=\"50%\" r=\"50%\" \/>\n  <\/g>\n<\/svg><img decoding=\"async\" src=\"https:\/\/microlanaerospace.com\/wp-content\/uploads\/2020\/11\/Logos_clientes_Mesa-de-trabajo-1-05.png\" alt=\"\" \/><\/div><div class=\"slide\"><svg height=\"100%\" width=\"100%\">\n\t<g fill=\"none\" stroke=\"#b3b3b3\" stroke-width=\"1\">\n    <circle stroke-dasharray=\"10,10,1,10\" cx=\"50%\" cy=\"50%\" r=\"50%\" \/>\n  <\/g>\n<\/svg><img decoding=\"async\" src=\"https:\/\/microlanaerospace.com\/wp-content\/uploads\/2020\/11\/Logos_clientes_Mesa-de-trabajo-1-04.png\" alt=\"\" \/><\/div><div class=\"slide\"><svg height=\"100%\" width=\"100%\">\n\t<g fill=\"none\" stroke=\"#b3b3b3\" stroke-width=\"1\">\n    <circle stroke-dasharray=\"10,10,1,10\" cx=\"50%\" cy=\"50%\" r=\"50%\" \/>\n  <\/g>\n<\/svg><img decoding=\"async\" src=\"https:\/\/microlanaerospace.com\/wp-content\/uploads\/2020\/11\/Logos_clientes_Mesa-de-trabajo-1-03.png\" alt=\"\" \/><\/div><div class=\"slide\"><svg height=\"100%\" width=\"100%\">\n\t<g fill=\"none\" stroke=\"#b3b3b3\" stroke-width=\"1\">\n    <circle stroke-dasharray=\"10,10,1,10\" cx=\"50%\" cy=\"50%\" r=\"50%\" \/>\n  <\/g>\n<\/svg><img decoding=\"async\" src=\"https:\/\/microlanaerospace.com\/wp-content\/uploads\/2020\/11\/Logos_clientes_Mesa-de-trabajo-1-01.png\" alt=\"\" \/><\/div><\/div><\/div><\/div><\/div><\/div>","protected":false},"excerpt":{"rendered":"SECTORAeroespacial En Microlan somos especialistas en componentes de gran precisi\u00f3n y altas exigencias geom\u00e9tricas y superficiales, es aqu\u00ed donde los detalles m\u00e1s peque\u00f1os importan y nosotros m\u00e1s destacamos. Certificaci\u00f3n EN 9100. Algunos de nuestros productos Texto Texto Texto NUESTROS CLIENTES","protected":false},"author":1,"featured_media":0,"parent":0,"menu_order":0,"comment_status":"closed","ping_status":"closed","template":"sector.php","meta":{"inline_featured_image":false,"footnotes":""},"class_list":["post-80","page","type-page","status-publish","hentry"],"yoast_head":"<!-- This site is optimized with the Yoast SEO plugin v26.9 - https:\/\/yoast.com\/product\/yoast-seo-wordpress\/ -->\n<title>Aeroespacial - Microlan Aerospace<\/title>\n<meta name=\"robots\" content=\"index, follow, max-snippet:-1, max-image-preview:large, max-video-preview:-1\" \/>\n<link rel=\"canonical\" href=\"https:\/\/microlanaerospace.com\/fr\/aeroespacial\/\" \/>\n<meta property=\"og:locale\" content=\"fr_FR\" \/>\n<meta property=\"og:type\" content=\"article\" \/>\n<meta property=\"og:title\" content=\"Aeroespacial - Microlan Aerospace\" \/>\n<meta property=\"og:url\" content=\"https:\/\/microlanaerospace.com\/fr\/aeroespacial\/\" \/>\n<meta property=\"og:site_name\" content=\"Microlan Aerospace\" \/>\n<meta property=\"article:modified_time\" content=\"2021-03-17T12:30:54+00:00\" \/>\n<meta name=\"twitter:card\" content=\"summary_large_image\" \/>\n<meta name=\"twitter:label1\" content=\"Dur\u00e9e de lecture estim\u00e9e\" \/>\n\t<meta name=\"twitter:data1\" content=\"1 minute\" \/>\n<script type=\"application\/ld+json\" class=\"yoast-schema-graph\">{\"@context\":\"https:\/\/schema.org\",\"@graph\":[{\"@type\":\"WebPage\",\"@id\":\"https:\/\/microlanaerospace.com\/aeroespacial\/\",\"url\":\"https:\/\/microlanaerospace.com\/aeroespacial\/\",\"name\":\"Aeroespacial - Microlan Aerospace\",\"isPartOf\":{\"@id\":\"https:\/\/microlanaerospace.com\/#website\"},\"datePublished\":\"2020-11-23T11:46:35+00:00\",\"dateModified\":\"2021-03-17T12:30:54+00:00\",\"breadcrumb\":{\"@id\":\"https:\/\/microlanaerospace.com\/aeroespacial\/#breadcrumb\"},\"inLanguage\":\"fr-FR\",\"potentialAction\":[{\"@type\":\"ReadAction\",\"target\":[\"https:\/\/microlanaerospace.com\/aeroespacial\/\"]}]},{\"@type\":\"BreadcrumbList\",\"@id\":\"https:\/\/microlanaerospace.com\/aeroespacial\/#breadcrumb\",\"itemListElement\":[{\"@type\":\"ListItem\",\"position\":1,\"name\":\"Portada\",\"item\":\"https:\/\/microlanaerospace.com\/\"},{\"@type\":\"ListItem\",\"position\":2,\"name\":\"Aeroespacial\"}]},{\"@type\":\"WebSite\",\"@id\":\"https:\/\/microlanaerospace.com\/#website\",\"url\":\"https:\/\/microlanaerospace.com\/\",\"name\":\"Microlan Aerospace\",\"description\":\"Passion for precission\",\"potentialAction\":[{\"@type\":\"SearchAction\",\"target\":{\"@type\":\"EntryPoint\",\"urlTemplate\":\"https:\/\/microlanaerospace.com\/?s={search_term_string}\"},\"query-input\":{\"@type\":\"PropertyValueSpecification\",\"valueRequired\":true,\"valueName\":\"search_term_string\"}}],\"inLanguage\":\"fr-FR\"}]}<\/script>\n<!-- \/ Yoast SEO plugin. -->","yoast_head_json":{"title":"Aeroespacial - Microlan Aerospace","robots":{"index":"index","follow":"follow","max-snippet":"max-snippet:-1","max-image-preview":"max-image-preview:large","max-video-preview":"max-video-preview:-1"},"canonical":"https:\/\/microlanaerospace.com\/fr\/aeroespacial\/","og_locale":"fr_FR","og_type":"article","og_title":"Aeroespacial - Microlan Aerospace","og_url":"https:\/\/microlanaerospace.com\/fr\/aeroespacial\/","og_site_name":"Microlan Aerospace","article_modified_time":"2021-03-17T12:30:54+00:00","twitter_card":"summary_large_image","twitter_misc":{"Dur\u00e9e de lecture estim\u00e9e":"1 minute"},"schema":{"@context":"https:\/\/schema.org","@graph":[{"@type":"WebPage","@id":"https:\/\/microlanaerospace.com\/aeroespacial\/","url":"https:\/\/microlanaerospace.com\/aeroespacial\/","name":"Aeroespacial - Microlan Aerospace","isPartOf":{"@id":"https:\/\/microlanaerospace.com\/#website"},"datePublished":"2020-11-23T11:46:35+00:00","dateModified":"2021-03-17T12:30:54+00:00","breadcrumb":{"@id":"https:\/\/microlanaerospace.com\/aeroespacial\/#breadcrumb"},"inLanguage":"fr-FR","potentialAction":[{"@type":"ReadAction","target":["https:\/\/microlanaerospace.com\/aeroespacial\/"]}]},{"@type":"BreadcrumbList","@id":"https:\/\/microlanaerospace.com\/aeroespacial\/#breadcrumb","itemListElement":[{"@type":"ListItem","position":1,"name":"Portada","item":"https:\/\/microlanaerospace.com\/"},{"@type":"ListItem","position":2,"name":"Aeroespacial"}]},{"@type":"WebSite","@id":"https:\/\/microlanaerospace.com\/#website","url":"https:\/\/microlanaerospace.com\/","name":"Microlan Aerospace","description":"Passion for precission","potentialAction":[{"@type":"SearchAction","target":{"@type":"EntryPoint","urlTemplate":"https:\/\/microlanaerospace.com\/?s={search_term_string}"},"query-input":{"@type":"PropertyValueSpecification","valueRequired":true,"valueName":"search_term_string"}}],"inLanguage":"fr-FR"}]}},"_links":{"self":[{"href":"https:\/\/microlanaerospace.com\/fr\/wp-json\/wp\/v2\/pages\/80","targetHints":{"allow":["GET"]}}],"collection":[{"href":"https:\/\/microlanaerospace.com\/fr\/wp-json\/wp\/v2\/pages"}],"about":[{"href":"https:\/\/microlanaerospace.com\/fr\/wp-json\/wp\/v2\/types\/page"}],"author":[{"embeddable":true,"href":"https:\/\/microlanaerospace.com\/fr\/wp-json\/wp\/v2\/users\/1"}],"replies":[{"embeddable":true,"href":"https:\/\/microlanaerospace.com\/fr\/wp-json\/wp\/v2\/comments?post=80"}],"version-history":[{"count":62,"href":"https:\/\/microlanaerospace.com\/fr\/wp-json\/wp\/v2\/pages\/80\/revisions"}],"predecessor-version":[{"id":882,"href":"https:\/\/microlanaerospace.com\/fr\/wp-json\/wp\/v2\/pages\/80\/revisions\/882"}],"wp:attachment":[{"href":"https:\/\/microlanaerospace.com\/fr\/wp-json\/wp\/v2\/media?parent=80"}],"curies":[{"name":"wp","href":"https:\/\/api.w.org\/{rel}","templated":true}]}}